{"id":156,"date":"2025-01-30T16:39:22","date_gmt":"2025-01-30T19:39:22","guid":{"rendered":"https:\/\/staging1.ohayamkt.com\/?page_id=156"},"modified":"2025-01-31T16:45:09","modified_gmt":"2025-01-31T19:45:09","slug":"blog","status":"publish","type":"page","link":"https:\/\/staging1.ohayamkt.com\/index.php\/blog\/","title":{"rendered":"Blog"},"content":{"rendered":"\t\t<div data-elementor-type=\"wp-page\" data-elementor-id=\"156\" class=\"elementor elementor-156\" data-elementor-post-type=\"page\">\n\t\t\t\t<div class=\"elementor-element elementor-element-5bb3c513 e-flex e-con-boxed e-con e-parent\" data-id=\"5bb3c513\" data-element_type=\"container\" data-settings=\"{&quot;background_background&quot;:&quot;classic&quot;}\">\n\t\t\t\t\t<div class=\"e-con-inner\">\n\t\t\t\t<div class=\"elementor-element elementor-element-29e55b9 elementor-widget__width-inherit elementor-widget elementor-widget-heading\" data-id=\"29e55b9\" data-element_type=\"widget\" data-widget_type=\"heading.default\">\n\t\t\t\t<div class=\"elementor-widget-container\">\n\t\t\t\t\t<h2 class=\"elementor-heading-title elementor-size-default\">Blog<\/h2>\t\t\t\t<\/div>\n\t\t\t\t<\/div>\n\t\t\t\t\t<\/div>\n\t\t\t\t<\/div>\n\t\t<div class=\"elementor-element elementor-element-7777292 e-flex e-con-boxed e-con e-parent\" data-id=\"7777292\" data-element_type=\"container\" data-settings=\"{&quot;background_background&quot;:&quot;classic&quot;}\">\n\t\t\t\t\t<div class=\"e-con-inner\">\n\t\t\t\t<div class=\"elementor-element elementor-element-e24b2b9 elementor-grid-3 elementor-grid-tablet-2 elementor-grid-mobile-1 elementor-posts--thumbnail-top load-more-align-center elementor-widget elementor-widget-posts\" data-id=\"e24b2b9\" data-element_type=\"widget\" data-settings=\"{&quot;classic_row_gap&quot;:{&quot;unit&quot;:&quot;px&quot;,&quot;size&quot;:0,&quot;sizes&quot;:[]},&quot;pagination_type&quot;:&quot;load_more_on_click&quot;,&quot;classic_columns&quot;:&quot;3&quot;,&quot;classic_columns_tablet&quot;:&quot;2&quot;,&quot;classic_columns_mobile&quot;:&quot;1&quot;,&quot;classic_row_gap_tablet&quot;:{&quot;unit&quot;:&quot;px&quot;,&quot;size&quot;:&quot;&quot;,&quot;sizes&quot;:[]},&quot;classic_row_gap_mobile&quot;:{&quot;unit&quot;:&quot;px&quot;,&quot;size&quot;:&quot;&quot;,&quot;sizes&quot;:[]},&quot;load_more_spinner&quot;:{&quot;value&quot;:&quot;fas fa-spinner&quot;,&quot;library&quot;:&quot;fa-solid&quot;}}\" data-widget_type=\"posts.classic\">\n\t\t\t\t<div class=\"elementor-widget-container\">\n\t\t\t\t\t\t\t<div class=\"elementor-posts-container elementor-posts elementor-posts--skin-classic elementor-grid\">\n\t\t\t\t<article class=\"elementor-post elementor-grid-item post-200 post type-post status-publish format-standard has-post-thumbnail hentry category-consumidor\">\n\t\t\t\t<a class=\"elementor-post__thumbnail__link\" href=\"https:\/\/staging1.ohayamkt.com\/index.php\/2025\/01\/30\/direitos-do-consumidor-2-0\/\" tabindex=\"-1\" >\n\t\t\t<div class=\"elementor-post__thumbnail\"><img fetchpriority=\"high\" decoding=\"async\" width=\"400\" height=\"300\" src=\"https:\/\/staging1.ohayamkt.com\/wp-content\/uploads\/2024\/12\/Artboard-1-copy-4.jpg\" class=\"attachment-full size-full wp-image-119\" alt=\"\" srcset=\"https:\/\/staging1.ohayamkt.com\/wp-content\/uploads\/2024\/12\/Artboard-1-copy-4.jpg 400w, https:\/\/staging1.ohayamkt.com\/wp-content\/uploads\/2024\/12\/Artboard-1-copy-4-300x225.jpg 300w\" sizes=\"(max-width: 400px) 100vw, 400px\" \/><\/div>\n\t\t<\/a>\n\t\t\t\t<div class=\"elementor-post__text\">\n\t\t\t\t<h3 class=\"elementor-post__title\">\n\t\t\t<a href=\"https:\/\/staging1.ohayamkt.com\/index.php\/2025\/01\/30\/direitos-do-consumidor-2-0\/\" >\n\t\t\t\tDireitos do Consumidor 2.0\t\t\t<\/a>\n\t\t<\/h3>\n\t\t\t\t<div class=\"elementor-post__meta-data\">\n\t\t\t\t\t<span class=\"elementor-post-date\">\n\t\t\t30 de janeiro de 2025\t\t<\/span>\n\t\t\t\t<\/div>\n\t\t\t\t<div class=\"elementor-post__excerpt\">\n\t\t\t<p>Direitos do consumidor: O que voc\u00ea precisa saber No Brasil, os direitos do consumidor s\u00e3o garantidos pelo C\u00f3digo de Defesa<\/p>\n\t\t<\/div>\n\t\t\n\t\t<a class=\"elementor-post__read-more\" href=\"https:\/\/staging1.ohayamkt.com\/index.php\/2025\/01\/30\/direitos-do-consumidor-2-0\/\" aria-label=\"Leia mais sobre Direitos do Consumidor 2.0\" tabindex=\"-1\" >\n\t\t\tLeia mais \u00bb\t\t<\/a>\n\n\t\t\t\t<\/div>\n\t\t\t\t<\/article>\n\t\t\t\t<article class=\"elementor-post elementor-grid-item post-197 post type-post status-publish format-standard has-post-thumbnail hentry category-imobiliaria category-sem-categoria\">\n\t\t\t\t<a class=\"elementor-post__thumbnail__link\" href=\"https:\/\/staging1.ohayamkt.com\/index.php\/2025\/01\/30\/erros-comuns-2-0\/\" tabindex=\"-1\" >\n\t\t\t<div class=\"elementor-post__thumbnail\"><img decoding=\"async\" width=\"400\" height=\"300\" src=\"https:\/\/staging1.ohayamkt.com\/wp-content\/uploads\/2024\/12\/0-2.jpg\" class=\"attachment-full size-full wp-image-114\" alt=\"\" srcset=\"https:\/\/staging1.ohayamkt.com\/wp-content\/uploads\/2024\/12\/0-2.jpg 400w, https:\/\/staging1.ohayamkt.com\/wp-content\/uploads\/2024\/12\/0-2-300x225.jpg 300w\" sizes=\"(max-width: 400px) 100vw, 400px\" \/><\/div>\n\t\t<\/a>\n\t\t\t\t<div class=\"elementor-post__text\">\n\t\t\t\t<h3 class=\"elementor-post__title\">\n\t\t\t<a href=\"https:\/\/staging1.ohayamkt.com\/index.php\/2025\/01\/30\/erros-comuns-2-0\/\" >\n\t\t\t\tErros comuns 2.0\t\t\t<\/a>\n\t\t<\/h3>\n\t\t\t\t<div class=\"elementor-post__meta-data\">\n\t\t\t\t\t<span class=\"elementor-post-date\">\n\t\t\t30 de janeiro de 2025\t\t<\/span>\n\t\t\t\t<\/div>\n\t\t\t\t<div class=\"elementor-post__excerpt\">\n\t\t\t<p>Elaborar ou assinar um contrato \u00e9 uma etapa crucial em diversas rela\u00e7\u00f5es comerciais e pessoais. Contudo, erros na confec\u00e7\u00e3o ou<\/p>\n\t\t<\/div>\n\t\t\n\t\t<a class=\"elementor-post__read-more\" href=\"https:\/\/staging1.ohayamkt.com\/index.php\/2025\/01\/30\/erros-comuns-2-0\/\" aria-label=\"Leia mais sobre Erros comuns 2.0\" tabindex=\"-1\" >\n\t\t\tLeia mais \u00bb\t\t<\/a>\n\n\t\t\t\t<\/div>\n\t\t\t\t<\/article>\n\t\t\t\t<article class=\"elementor-post elementor-grid-item post-121 post type-post status-publish format-standard has-post-thumbnail hentry category-geral\">\n\t\t\t\t<a class=\"elementor-post__thumbnail__link\" href=\"https:\/\/staging1.ohayamkt.com\/index.php\/2024\/12\/19\/os-5-erros-mais-comuns-em-contratos-e-como-evita-los\/\" tabindex=\"-1\" >\n\t\t\t<div class=\"elementor-post__thumbnail\"><img decoding=\"async\" width=\"400\" height=\"300\" src=\"https:\/\/staging1.ohayamkt.com\/wp-content\/uploads\/2024\/12\/0-1-1.jpg\" class=\"attachment-full size-full wp-image-122\" alt=\"\" srcset=\"https:\/\/staging1.ohayamkt.com\/wp-content\/uploads\/2024\/12\/0-1-1.jpg 400w, https:\/\/staging1.ohayamkt.com\/wp-content\/uploads\/2024\/12\/0-1-1-300x225.jpg 300w\" sizes=\"(max-width: 400px) 100vw, 400px\" \/><\/div>\n\t\t<\/a>\n\t\t\t\t<div class=\"elementor-post__text\">\n\t\t\t\t<h3 class=\"elementor-post__title\">\n\t\t\t<a href=\"https:\/\/staging1.ohayamkt.com\/index.php\/2024\/12\/19\/os-5-erros-mais-comuns-em-contratos-e-como-evita-los\/\" >\n\t\t\t\tOs 5 erros mais comuns em contratos e como evit\u00e1-los\t\t\t<\/a>\n\t\t<\/h3>\n\t\t\t\t<div class=\"elementor-post__meta-data\">\n\t\t\t\t\t<span class=\"elementor-post-date\">\n\t\t\t19 de dezembro de 2024\t\t<\/span>\n\t\t\t\t<\/div>\n\t\t\t\t<div class=\"elementor-post__excerpt\">\n\t\t\t<p>Os 5 erros mais comuns em contratos e como evit\u00e1-los Elaborar ou assinar um contrato \u00e9 uma etapa crucial em<\/p>\n\t\t<\/div>\n\t\t\n\t\t<a class=\"elementor-post__read-more\" href=\"https:\/\/staging1.ohayamkt.com\/index.php\/2024\/12\/19\/os-5-erros-mais-comuns-em-contratos-e-como-evita-los\/\" aria-label=\"Leia mais sobre Os 5 erros mais comuns em contratos e como evit\u00e1-los\" tabindex=\"-1\" >\n\t\t\tLeia mais \u00bb\t\t<\/a>\n\n\t\t\t\t<\/div>\n\t\t\t\t<\/article>\n\t\t\t\t<article class=\"elementor-post elementor-grid-item post-117 post type-post status-publish format-standard has-post-thumbnail hentry category-trabalhista\">\n\t\t\t\t<a class=\"elementor-post__thumbnail__link\" href=\"https:\/\/staging1.ohayamkt.com\/index.php\/2024\/12\/19\/direitos-do-consumidor-o-que-voce-precisa-saber\/\" tabindex=\"-1\" >\n\t\t\t<div class=\"elementor-post__thumbnail\"><img fetchpriority=\"high\" decoding=\"async\" width=\"400\" height=\"300\" src=\"https:\/\/staging1.ohayamkt.com\/wp-content\/uploads\/2024\/12\/Artboard-1-copy-4.jpg\" class=\"attachment-full size-full wp-image-119\" alt=\"\" srcset=\"https:\/\/staging1.ohayamkt.com\/wp-content\/uploads\/2024\/12\/Artboard-1-copy-4.jpg 400w, https:\/\/staging1.ohayamkt.com\/wp-content\/uploads\/2024\/12\/Artboard-1-copy-4-300x225.jpg 300w\" sizes=\"(max-width: 400px) 100vw, 400px\" \/><\/div>\n\t\t<\/a>\n\t\t\t\t<div class=\"elementor-post__text\">\n\t\t\t\t<h3 class=\"elementor-post__title\">\n\t\t\t<a href=\"https:\/\/staging1.ohayamkt.com\/index.php\/2024\/12\/19\/direitos-do-consumidor-o-que-voce-precisa-saber\/\" >\n\t\t\t\tDireitos do consumidor: O que voc\u00ea precisa saber\t\t\t<\/a>\n\t\t<\/h3>\n\t\t\t\t<div class=\"elementor-post__meta-data\">\n\t\t\t\t\t<span class=\"elementor-post-date\">\n\t\t\t19 de dezembro de 2024\t\t<\/span>\n\t\t\t\t<\/div>\n\t\t\t\t<div class=\"elementor-post__excerpt\">\n\t\t\t<p>Direitos do consumidor: O que voc\u00ea precisa saber No Brasil, os direitos do consumidor s\u00e3o garantidos pelo C\u00f3digo de Defesa<\/p>\n\t\t<\/div>\n\t\t\n\t\t<a class=\"elementor-post__read-more\" href=\"https:\/\/staging1.ohayamkt.com\/index.php\/2024\/12\/19\/direitos-do-consumidor-o-que-voce-precisa-saber\/\" aria-label=\"Leia mais sobre Direitos do consumidor: O que voc\u00ea precisa saber\" tabindex=\"-1\" >\n\t\t\tLeia mais \u00bb\t\t<\/a>\n\n\t\t\t\t<\/div>\n\t\t\t\t<\/article>\n\t\t\t\t<article class=\"elementor-post elementor-grid-item post-113 post type-post status-publish format-standard has-post-thumbnail hentry category-familiar\">\n\t\t\t\t<a class=\"elementor-post__thumbnail__link\" href=\"https:\/\/staging1.ohayamkt.com\/index.php\/2024\/12\/19\/como-funciona-o-divorcio-no-brasil\/\" tabindex=\"-1\" >\n\t\t\t<div class=\"elementor-post__thumbnail\"><img decoding=\"async\" width=\"400\" height=\"300\" src=\"https:\/\/staging1.ohayamkt.com\/wp-content\/uploads\/2024\/12\/0-2.jpg\" class=\"attachment-full size-full wp-image-114\" alt=\"\" srcset=\"https:\/\/staging1.ohayamkt.com\/wp-content\/uploads\/2024\/12\/0-2.jpg 400w, https:\/\/staging1.ohayamkt.com\/wp-content\/uploads\/2024\/12\/0-2-300x225.jpg 300w\" sizes=\"(max-width: 400px) 100vw, 400px\" \/><\/div>\n\t\t<\/a>\n\t\t\t\t<div class=\"elementor-post__text\">\n\t\t\t\t<h3 class=\"elementor-post__title\">\n\t\t\t<a href=\"https:\/\/staging1.ohayamkt.com\/index.php\/2024\/12\/19\/como-funciona-o-divorcio-no-brasil\/\" >\n\t\t\t\tComo funciona o div\u00f3rcio no Brasil\t\t\t<\/a>\n\t\t<\/h3>\n\t\t\t\t<div class=\"elementor-post__meta-data\">\n\t\t\t\t\t<span class=\"elementor-post-date\">\n\t\t\t19 de dezembro de 2024\t\t<\/span>\n\t\t\t\t<\/div>\n\t\t\t\t<div class=\"elementor-post__excerpt\">\n\t\t\t<p>Como funciona o div\u00f3rcio no Brasil O div\u00f3rcio \u00e9 o processo legal que oficializa o fim de um casamento no<\/p>\n\t\t<\/div>\n\t\t\n\t\t<a class=\"elementor-post__read-more\" href=\"https:\/\/staging1.ohayamkt.com\/index.php\/2024\/12\/19\/como-funciona-o-divorcio-no-brasil\/\" aria-label=\"Leia mais sobre Como funciona o div\u00f3rcio no Brasil\" tabindex=\"-1\" >\n\t\t\tLeia mais \u00bb\t\t<\/a>\n\n\t\t\t\t<\/div>\n\t\t\t\t<\/article>\n\t\t\t\t<article class=\"elementor-post elementor-grid-item post-110 post type-post status-publish format-standard has-post-thumbnail hentry category-familiar\">\n\t\t\t\t<a class=\"elementor-post__thumbnail__link\" href=\"https:\/\/staging1.ohayamkt.com\/index.php\/2024\/12\/19\/inventario-de-partilha-de-bens-o-que-voce-deve-saber\/\" tabindex=\"-1\" >\n\t\t\t<div class=\"elementor-post__thumbnail\"><img loading=\"lazy\" decoding=\"async\" width=\"400\" height=\"300\" src=\"https:\/\/staging1.ohayamkt.com\/wp-content\/uploads\/2024\/12\/0-3.jpg\" class=\"attachment-full size-full wp-image-111\" alt=\"\" srcset=\"https:\/\/staging1.ohayamkt.com\/wp-content\/uploads\/2024\/12\/0-3.jpg 400w, https:\/\/staging1.ohayamkt.com\/wp-content\/uploads\/2024\/12\/0-3-300x225.jpg 300w\" sizes=\"(max-width: 400px) 100vw, 400px\" \/><\/div>\n\t\t<\/a>\n\t\t\t\t<div class=\"elementor-post__text\">\n\t\t\t\t<h3 class=\"elementor-post__title\">\n\t\t\t<a href=\"https:\/\/staging1.ohayamkt.com\/index.php\/2024\/12\/19\/inventario-de-partilha-de-bens-o-que-voce-deve-saber\/\" >\n\t\t\t\tInvent\u00e1rio de partilha de bens: O que voc\u00ea deve saber!\t\t\t<\/a>\n\t\t<\/h3>\n\t\t\t\t<div class=\"elementor-post__meta-data\">\n\t\t\t\t\t<span class=\"elementor-post-date\">\n\t\t\t19 de dezembro de 2024\t\t<\/span>\n\t\t\t\t<\/div>\n\t\t\t\t<div class=\"elementor-post__excerpt\">\n\t\t\t<p>Invent\u00e1rio de partilha de bens: O que voc\u00ea deve saber! O invent\u00e1rio de partilha de bens \u00e9 um processo essencial<\/p>\n\t\t<\/div>\n\t\t\n\t\t<a class=\"elementor-post__read-more\" href=\"https:\/\/staging1.ohayamkt.com\/index.php\/2024\/12\/19\/inventario-de-partilha-de-bens-o-que-voce-deve-saber\/\" aria-label=\"Leia mais sobre Invent\u00e1rio de partilha de bens: O que voc\u00ea deve saber!\" tabindex=\"-1\" >\n\t\t\tLeia mais \u00bb\t\t<\/a>\n\n\t\t\t\t<\/div>\n\t\t\t\t<\/article>\n\t\t\t\t<\/div>\n\t\t\t\t\t<span class=\"e-load-more-spinner\">\n\t\t\t\t<svg aria-hidden=\"true\" class=\"e-font-icon-svg e-fas-spinner\" viewBox=\"0 0 512 512\" xmlns=\"http:\/\/www.w3.org\/2000\/svg\"><path d=\"M304 48c0 26.51-21.49 48-48 48s-48-21.49-48-48 21.49-48 48-48 48 21.49 48 48zm-48 368c-26.51 0-48 21.49-48 48s21.49 48 48 48 48-21.49 48-48-21.49-48-48-48zm208-208c-26.51 0-48 21.49-48 48s21.49 48 48 48 48-21.49 48-48-21.49-48-48-48zM96 256c0-26.51-21.49-48-48-48S0 229.49 0 256s21.49 48 48 48 48-21.49 48-48zm12.922 99.078c-26.51 0-48 21.49-48 48s21.49 48 48 48 48-21.49 48-48c0-26.509-21.491-48-48-48zm294.156 0c-26.51 0-48 21.49-48 48s21.49 48 48 48 48-21.49 48-48c0-26.509-21.49-48-48-48zM108.922 60.922c-26.51 0-48 21.49-48 48s21.49 48 48 48 48-21.49 48-48-21.491-48-48-48z\"><\/path><\/svg>\t\t\t<\/span>\n\t\t\n\t\t\t\t<div class=\"e-load-more-anchor\" data-page=\"1\" data-max-page=\"2\" data-next-page=\"https:\/\/staging1.ohayamkt.com\/index.php\/wp-json\/wp\/v2\/pages\/156\/page\/2\/\"><\/div>\n\t\t\t\t<div class=\"elementor-button-wrapper\">\n\t\t\t<a href=\"#\" class=\"elementor-button-link elementor-button\" role=\"button\">\n\t\t\t\t\t\t<span class=\"elementor-button-content-wrapper\">\n\t\t\t\t\t\t\t\t\t<span class=\"elementor-button-text\">Carregar mais<\/span>\n\t\t\t\t\t<\/span>\n\t\t\t\t\t<\/a>\n\t\t<\/div>\n\t\t\t\t<div class=\"e-load-more-message\"><\/div>\n\t\t\t\t\t\t<\/div>\n\t\t\t\t<\/div>\n\t\t\t\t\t<\/div>\n\t\t\t\t<\/div>\n\t\t\t\t<\/div>\n\t\t","protected":false},"excerpt":{"rendered":"<p>Blog<\/p>\n","protected":false},"author":1,"featured_media":16,"parent":0,"menu_order":0,"comment_status":"closed","ping_status":"closed","template":"","meta":{"footnotes":""},"class_list":["post-156","page","type-page","status-publish","has-post-thumbnail","hentry"],"yoast_head":"<!-- This site is optimized with the Yoast SEO plugin v24.3 - https:\/\/yoast.com\/wordpress\/plugins\/seo\/ -->\n<title>Blog - Advocate - Your voice for justice<\/title>\n<meta name=\"robots\" content=\"index, follow, max-snippet:-1, max-image-preview:large, max-video-preview:-1\" \/>\n<link rel=\"canonical\" href=\"https:\/\/staging1.ohayamkt.com\/index.php\/blog\/\" \/>\n<meta property=\"og:locale\" content=\"pt_BR\" \/>\n<meta property=\"og:type\" content=\"article\" \/>\n<meta property=\"og:title\" content=\"Advocate - Your voice for justice\" \/>\n<meta property=\"og:description\" content=\"Blog\" \/>\n<meta property=\"og:url\" content=\"https:\/\/staging1.ohayamkt.com\/index.php\/blog\/\" \/>\n<meta property=\"og:site_name\" content=\"Advocate - Your voice for justice\" \/>\n<meta property=\"article:modified_time\" content=\"2025-01-31T19:45:09+00:00\" \/>\n<meta property=\"og:image\" content=\"https:\/\/staging1.ohayamkt.com\/wp-content\/uploads\/2024\/12\/favicon.png\" \/>\n\t<meta property=\"og:image:width\" content=\"202\" \/>\n\t<meta property=\"og:image:height\" content=\"202\" \/>\n\t<meta property=\"og:image:type\" content=\"image\/png\" \/>\n<meta name=\"twitter:card\" content=\"summary_large_image\" \/>\n<meta name=\"twitter:title\" content=\"Advocate - Your voice for justice\" \/>\n<meta name=\"twitter:image\" content=\"https:\/\/staging1.ohayamkt.com\/wp-content\/uploads\/2024\/12\/favicon.png\" \/>\n<meta name=\"twitter:label1\" content=\"Est. tempo de leitura\" \/>\n\t<meta name=\"twitter:data1\" content=\"1 minuto\" \/>\n<script type=\"application\/ld+json\" class=\"yoast-schema-graph\">{\"@context\":\"https:\/\/schema.org\",\"@graph\":[{\"@type\":\"WebPage\",\"@id\":\"https:\/\/staging1.ohayamkt.com\/index.php\/blog\/\",\"url\":\"https:\/\/staging1.ohayamkt.com\/index.php\/blog\/\",\"name\":\"Blog - Advocate - Your voice for justice\",\"isPartOf\":{\"@id\":\"https:\/\/staging1.ohayamkt.com\/#website\"},\"primaryImageOfPage\":{\"@id\":\"https:\/\/staging1.ohayamkt.com\/index.php\/blog\/#primaryimage\"},\"image\":{\"@id\":\"https:\/\/staging1.ohayamkt.com\/index.php\/blog\/#primaryimage\"},\"thumbnailUrl\":\"https:\/\/staging1.ohayamkt.com\/wp-content\/uploads\/2024\/12\/favicon.png\",\"datePublished\":\"2025-01-30T19:39:22+00:00\",\"dateModified\":\"2025-01-31T19:45:09+00:00\",\"breadcrumb\":{\"@id\":\"https:\/\/staging1.ohayamkt.com\/index.php\/blog\/#breadcrumb\"},\"inLanguage\":\"pt-BR\",\"potentialAction\":[{\"@type\":\"ReadAction\",\"target\":[\"https:\/\/staging1.ohayamkt.com\/index.php\/blog\/\"]}]},{\"@type\":\"ImageObject\",\"inLanguage\":\"pt-BR\",\"@id\":\"https:\/\/staging1.ohayamkt.com\/index.php\/blog\/#primaryimage\",\"url\":\"https:\/\/staging1.ohayamkt.com\/wp-content\/uploads\/2024\/12\/favicon.png\",\"contentUrl\":\"https:\/\/staging1.ohayamkt.com\/wp-content\/uploads\/2024\/12\/favicon.png\",\"width\":202,\"height\":202},{\"@type\":\"BreadcrumbList\",\"@id\":\"https:\/\/staging1.ohayamkt.com\/index.php\/blog\/#breadcrumb\",\"itemListElement\":[{\"@type\":\"ListItem\",\"position\":1,\"name\":\"In\u00edcio\",\"item\":\"https:\/\/staging1.ohayamkt.com\/\"},{\"@type\":\"ListItem\",\"position\":2,\"name\":\"Blog\"}]},{\"@type\":\"WebSite\",\"@id\":\"https:\/\/staging1.ohayamkt.com\/#website\",\"url\":\"https:\/\/staging1.ohayamkt.com\/\",\"name\":\"Advocate - Your voice for justice\",\"description\":\"Se voc\u00ea tem algum problema em sua vida, estamos dispon\u00edveis!\",\"publisher\":{\"@id\":\"https:\/\/staging1.ohayamkt.com\/#organization\"},\"potentialAction\":[{\"@type\":\"SearchAction\",\"target\":{\"@type\":\"EntryPoint\",\"urlTemplate\":\"https:\/\/staging1.ohayamkt.com\/?s={search_term_string}\"},\"query-input\":{\"@type\":\"PropertyValueSpecification\",\"valueRequired\":true,\"valueName\":\"search_term_string\"}}],\"inLanguage\":\"pt-BR\"},{\"@type\":\"Organization\",\"@id\":\"https:\/\/staging1.ohayamkt.com\/#organization\",\"name\":\"Advocate - Your voice for justice\",\"url\":\"https:\/\/staging1.ohayamkt.com\/\",\"logo\":{\"@type\":\"ImageObject\",\"inLanguage\":\"pt-BR\",\"@id\":\"https:\/\/staging1.ohayamkt.com\/#\/schema\/logo\/image\/\",\"url\":\"https:\/\/staging1.ohayamkt.com\/wp-content\/uploads\/2024\/12\/click.png\",\"contentUrl\":\"https:\/\/staging1.ohayamkt.com\/wp-content\/uploads\/2024\/12\/click.png\",\"width\":600,\"height\":177,\"caption\":\"Advocate - Your voice for justice\"},\"image\":{\"@id\":\"https:\/\/staging1.ohayamkt.com\/#\/schema\/logo\/image\/\"}}]}<\/script>\n<!-- \/ Yoast SEO plugin. -->","yoast_head_json":{"title":"Blog - Advocate - Your voice for justice","robots":{"index":"index","follow":"follow","max-snippet":"max-snippet:-1","max-image-preview":"max-image-preview:large","max-video-preview":"max-video-preview:-1"},"canonical":"https:\/\/staging1.ohayamkt.com\/index.php\/blog\/","og_locale":"pt_BR","og_type":"article","og_title":"Advocate - Your voice for justice","og_description":"Blog","og_url":"https:\/\/staging1.ohayamkt.com\/index.php\/blog\/","og_site_name":"Advocate - Your voice for justice","article_modified_time":"2025-01-31T19:45:09+00:00","og_image":[{"width":202,"height":202,"url":"https:\/\/staging1.ohayamkt.com\/wp-content\/uploads\/2024\/12\/favicon.png","type":"image\/png"}],"twitter_card":"summary_large_image","twitter_title":"Advocate - Your voice for justice","twitter_image":"https:\/\/staging1.ohayamkt.com\/wp-content\/uploads\/2024\/12\/favicon.png","twitter_misc":{"Est. tempo de leitura":"1 minuto"},"schema":{"@context":"https:\/\/schema.org","@graph":[{"@type":"WebPage","@id":"https:\/\/staging1.ohayamkt.com\/index.php\/blog\/","url":"https:\/\/staging1.ohayamkt.com\/index.php\/blog\/","name":"Blog - Advocate - Your voice for justice","isPartOf":{"@id":"https:\/\/staging1.ohayamkt.com\/#website"},"primaryImageOfPage":{"@id":"https:\/\/staging1.ohayamkt.com\/index.php\/blog\/#primaryimage"},"image":{"@id":"https:\/\/staging1.ohayamkt.com\/index.php\/blog\/#primaryimage"},"thumbnailUrl":"https:\/\/staging1.ohayamkt.com\/wp-content\/uploads\/2024\/12\/favicon.png","datePublished":"2025-01-30T19:39:22+00:00","dateModified":"2025-01-31T19:45:09+00:00","breadcrumb":{"@id":"https:\/\/staging1.ohayamkt.com\/index.php\/blog\/#breadcrumb"},"inLanguage":"pt-BR","potentialAction":[{"@type":"ReadAction","target":["https:\/\/staging1.ohayamkt.com\/index.php\/blog\/"]}]},{"@type":"ImageObject","inLanguage":"pt-BR","@id":"https:\/\/staging1.ohayamkt.com\/index.php\/blog\/#primaryimage","url":"https:\/\/staging1.ohayamkt.com\/wp-content\/uploads\/2024\/12\/favicon.png","contentUrl":"https:\/\/staging1.ohayamkt.com\/wp-content\/uploads\/2024\/12\/favicon.png","width":202,"height":202},{"@type":"BreadcrumbList","@id":"https:\/\/staging1.ohayamkt.com\/index.php\/blog\/#breadcrumb","itemListElement":[{"@type":"ListItem","position":1,"name":"In\u00edcio","item":"https:\/\/staging1.ohayamkt.com\/"},{"@type":"ListItem","position":2,"name":"Blog"}]},{"@type":"WebSite","@id":"https:\/\/staging1.ohayamkt.com\/#website","url":"https:\/\/staging1.ohayamkt.com\/","name":"Advocate - Your voice for justice","description":"Se voc\u00ea tem algum problema em sua vida, estamos dispon\u00edveis!","publisher":{"@id":"https:\/\/staging1.ohayamkt.com\/#organization"},"potentialAction":[{"@type":"SearchAction","target":{"@type":"EntryPoint","urlTemplate":"https:\/\/staging1.ohayamkt.com\/?s={search_term_string}"},"query-input":{"@type":"PropertyValueSpecification","valueRequired":true,"valueName":"search_term_string"}}],"inLanguage":"pt-BR"},{"@type":"Organization","@id":"https:\/\/staging1.ohayamkt.com\/#organization","name":"Advocate - Your voice for justice","url":"https:\/\/staging1.ohayamkt.com\/","logo":{"@type":"ImageObject","inLanguage":"pt-BR","@id":"https:\/\/staging1.ohayamkt.com\/#\/schema\/logo\/image\/","url":"https:\/\/staging1.ohayamkt.com\/wp-content\/uploads\/2024\/12\/click.png","contentUrl":"https:\/\/staging1.ohayamkt.com\/wp-content\/uploads\/2024\/12\/click.png","width":600,"height":177,"caption":"Advocate - Your voice for justice"},"image":{"@id":"https:\/\/staging1.ohayamkt.com\/#\/schema\/logo\/image\/"}}]}},"_links":{"self":[{"href":"https:\/\/staging1.ohayamkt.com\/index.php\/wp-json\/wp\/v2\/pages\/156","targetHints":{"allow":["GET"]}}],"collection":[{"href":"https:\/\/staging1.ohayamkt.com\/index.php\/wp-json\/wp\/v2\/pages"}],"about":[{"href":"https:\/\/staging1.ohayamkt.com\/index.php\/wp-json\/wp\/v2\/types\/page"}],"author":[{"embeddable":true,"href":"https:\/\/staging1.ohayamkt.com\/index.php\/wp-json\/wp\/v2\/users\/1"}],"replies":[{"embeddable":true,"href":"https:\/\/staging1.ohayamkt.com\/index.php\/wp-json\/wp\/v2\/comments?post=156"}],"version-history":[{"count":19,"href":"https:\/\/staging1.ohayamkt.com\/index.php\/wp-json\/wp\/v2\/pages\/156\/revisions"}],"predecessor-version":[{"id":204,"href":"https:\/\/staging1.ohayamkt.com\/index.php\/wp-json\/wp\/v2\/pages\/156\/revisions\/204"}],"wp:featuredmedia":[{"embeddable":true,"href":"https:\/\/staging1.ohayamkt.com\/index.php\/wp-json\/wp\/v2\/media\/16"}],"wp:attachment":[{"href":"https:\/\/staging1.ohayamkt.com\/index.php\/wp-json\/wp\/v2\/media?parent=156"}],"curies":[{"name":"wp","href":"https:\/\/api.w.org\/{rel}","templated":true}]}}